{"id":3,"date":"2025-11-27T12:00:16","date_gmt":"2025-11-27T11:00:16","guid":{"rendered":"https:\/\/elcasoesandar.es\/?page_id=3"},"modified":"2025-11-28T11:09:47","modified_gmt":"2025-11-28T10:09:47","slug":"politica-privacidad","status":"publish","type":"page","link":"https:\/\/elcasoesandar.es\/?page_id=3","title":{"rendered":"Tus datos"},"content":{"rendered":"\n<p><strong>Qui\u00e9nes somos<\/strong><\/p>\n\n\n\n<p><em>El caso es andar<\/em> es un blog de viajes, propiedad de Joaquin Granados Orcero.<\/p>\n\n\n\n<p>La direcci\u00f3n de nuestra web es: https:\/\/elcasoesandar.es.<\/p>\n\n\n\n<p><strong>Comentarios<\/strong><\/p>\n\n\n\n<p>Do momento, no se puede publicar comentarios en la p\u00e1gina web. Si en alg\u00fan momento tal cosa fuera a cambiar, modificar\u00edamos esta p\u00e1gina en consecuencia.<\/p>\n\n\n\n<p><strong>Medios<\/strong><\/p>\n\n\n\n<p>Si subes im\u00e1genes a la web, deber\u00edas evitar subir im\u00e1genes con datos de ubicaci\u00f3n (GPS EXIF) incluidos. Los visitantes de la web pueden descargar y extraer cualquier dato de ubicaci\u00f3n de las im\u00e1genes de la web. Cierto es que,de momento, solo el webmaster puede hacer tal cosa como subir im\u00e1genes, pero arrieros somos\u2026.<\/p>\n\n\n\n<p><strong>Cookies<\/strong><\/p>\n\n\n\n<p>No pensamos almacenar, registrar ni conocer ninguna informaci\u00f3n de nuestros visitantes. Por tanto, no guardamos cookies y malditas las ganas que tenemos de perder tiempo y espacio haci\u00e9ndolo.<\/p>\n\n\n\n<p>Si, por error o por nuestra propia incompetencia inform\u00e1tica se diera el caso de que almacenamos alguna, ser\u00e1n eliminadas tan pronto como nos demos cuenta.<\/p>\n\n\n\n<p><strong>Contenido incrustado de otros sitios web<\/strong><\/p>\n\n\n\n<p>Los art\u00edculos de este sitio pueden incluir contenido incrustado (por ejemplo, v\u00eddeos, im\u00e1genes, art\u00edculos, etc.). El contenido incrustado de otras webs se comporta exactamente de la misma manera que si el visitante hubiera visitado la otra web.<\/p>\n\n\n\n<p>Estas web pueden recopilar datos sobre ti, utilizar cookies, incrustar un seguimiento adicional de terceros, y supervisar tu interacci\u00f3n con ese contenido incrustado, incluido el seguimiento de tu interacci\u00f3n con el contenido incrustado si tienes una cuenta y est\u00e1s conectado a esa web.<\/p>\n\n\n\n<p><strong>Con qui\u00e9n compartimos tus datos<\/strong><\/p>\n\n\n\n<p>Con nadie. Ni siquiera con nosotros mismos.<\/p>\n\n\n\n<p><strong>Cu\u00e1nto tiempo conservamos tus datos<\/strong><\/p>\n\n\n\n<p>Si los hubiera, lo que nos cueste destruirlos<\/p>\n\n\n\n<p><strong>Qu\u00e9 derechos tienes sobre tus datos<\/strong><\/p>\n\n\n\n<p>El de que los borremos tan pronto como nos demos cuenta de su existencia.<\/p>\n\n\n\n<p>Si se nos pasa, siempre puedes escribirnos a:&nbsp;<strong>joakin@elcasoesandar.es<\/strong><\/p>\n","protected":false},"excerpt":{"rendered":"<p>Qui\u00e9nes somos El caso es andar es un blog de viajes, propiedad de Joaquin Granados Orcero. La direcci\u00f3n de nuestra web es: https:\/\/elcasoesandar.es. Comentarios Do momento, no se puede publicar comentarios en la p\u00e1gina web. &hellip; <\/p>\n","protected":false},"author":1,"featured_media":0,"parent":0,"menu_order":0,"comment_status":"closed","ping_status":"closed","template":"","meta":{"footnotes":""},"class_list":["post-3","page","type-page","status-publish","hentry","latest_post","no_image"],"_links":{"self":[{"href":"https:\/\/elcasoesandar.es\/index.php?rest_route=\/wp\/v2\/pages\/3","targetHints":{"allow":["GET"]}}],"collection":[{"href":"https:\/\/elcasoesandar.es\/index.php?rest_route=\/wp\/v2\/pages"}],"about":[{"href":"https:\/\/elcasoesandar.es\/index.php?rest_route=\/wp\/v2\/types\/page"}],"author":[{"embeddable":true,"href":"https:\/\/elcasoesandar.es\/index.php?rest_route=\/wp\/v2\/users\/1"}],"replies":[{"embeddable":true,"href":"https:\/\/elcasoesandar.es\/index.php?rest_route=%2Fwp%2Fv2%2Fcomments&post=3"}],"version-history":[{"count":5,"href":"https:\/\/elcasoesandar.es\/index.php?rest_route=\/wp\/v2\/pages\/3\/revisions"}],"predecessor-version":[{"id":875,"href":"https:\/\/elcasoesandar.es\/index.php?rest_route=\/wp\/v2\/pages\/3\/revisions\/875"}],"wp:attachment":[{"href":"https:\/\/elcasoesandar.es\/index.php?rest_route=%2Fwp%2Fv2%2Fmedia&parent=3"}],"curies":[{"name":"wp","href":"https:\/\/api.w.org\/{rel}","templated":true}]}}